{"id":17,"date":"2016-05-25T08:33:09","date_gmt":"2016-05-25T08:33:09","guid":{"rendered":"http:\/\/localhost:8888\/simulaker\/?page_id=17"},"modified":"2026-01-19T10:41:20","modified_gmt":"2026-01-19T10:41:20","slug":"kontakt","status":"publish","type":"page","link":"https:\/\/www.galerijaskuc.si\/si\/kontakt\/","title":{"rendered":"Info"},"content":{"rendered":"<p><\/p>\n<p style=\"text-align: left;\"><img loading=\"lazy\" decoding=\"async\" class=\"wp-image-1103 alignleft\" src=\"http:\/\/www.galerijaskuc.si\/wp-content\/uploads\/2018\/03\/62840_111542668996866_542766457_n.jpg\" alt=\"\" width=\"128\" height=\"272\" srcset=\"https:\/\/www.galerijaskuc.si\/wp-content\/uploads\/2018\/03\/62840_111542668996866_542766457_n-250x534.jpg 250w, https:\/\/www.galerijaskuc.si\/wp-content\/uploads\/2018\/03\/62840_111542668996866_542766457_n-281x600.jpg 281w\" sizes=\"auto, (max-width: 128px) 100vw, 128px\" \/><\/p>\n<p style=\"text-align: left;\"><strong>Galerija \u0160kuc<\/strong><\/p>\n<p style=\"text-align: left;\">Stari trg 21<\/p>\n<p style=\"text-align: left;\">1000 Ljubljana, SI<\/p>\n<p><a href=\"mailto:galerija@skuc.org\">galerija@skuc.org<\/a><\/p>\n<p>T:+386 1 251 6540<\/p>\n<hr \/>\n<p><strong>Odpiralni \u010das:<\/strong><\/p>\n<p>torek\u2013nedelja<\/p>\n<p>12.00\u201319.00<\/p>\n<hr \/>\n<p><strong>Informacije o dostopnosti<\/strong><\/p>\n<p><strong>Obisk<\/strong><\/p>\n<p>Obisk razstave in vsi spremljevalni dogodki so brezpla\u010dni. Galerija \u0160kuc je opremljena s klan\u010dino za gibalno ovirane osebe na vhodu (\u0161irina 150 cm) in v prostoru (\u0161irina 106 cm). Notranje dvori\u0161\u010de in toaletni prostori niso dostopni za uporabnice_ke invalidskega vozi\u010dka. Dostopni toaletni prostori so na voljo v sosednji gostilni Druga violina. Za uporabo se obrnite na zaposlene v gostilni, ki vas bodo prijazno usmerili. Toaleta v galeriji je spolno nevtralna. Na voljo je brezpla\u010dna voda iz pipe. V \u010ditalnici, ki je del razstave, so udobni sede\u017ei z naslonjali. Galerija je na\u010deloma tih prostor, zvok umetni\u0161kih del je omejen na slu\u0161alke. Razstava ni opremljena s slu\u0161no zanko. Obrazstavno besedilo je dostopno v brajici in v tisku za osebe s slabovidnostjo (oboje v sloven\u0161\u010dini). Mo\u017ena je uporaba lupe za osebe s slabovidnostjo. Ker \u017eelimo varen obisk razstave omogo\u010diti tudi imunokompromitiranim osebam, priporo\u010damo uporabo za\u0161\u010ditnih mask. Psi dobrodo\u0161li. Osebje lahko zanje priskrbi posodo z vodo.<\/p>\n<p><strong>Prihod<\/strong><\/p>\n<p>Galerija je najbli\u017eje avtobusni postaji Gornji trg (180 m), kjer ustavijo avtobusne linije 2, 3, 11, 19, 27. Ve\u010d informacij je dostopnih\u00a0<a href=\"https:\/\/www.lpp.si\/\">na spletni strani LPP<\/a>\u00a0in LPP \u0161tevilkah (01 58 22 425, 051 44 99 92). Ve\u010dina avtobusov je opremljena s klan\u010dino, a vseeno priporo\u010damo klic na LPP s poizvedbo za prevoz v va\u0161em terminu. Galerija je v pe\u0161 coni v centru Ljubljane. Najbli\u017eji dovoz za avtomobile je 50 m stran. Ulice v neposredni okolici so tlakovane. Na obmo\u010dju pe\u0161 cone vozijo brezpla\u010dna vozila Kavalir, ki jih lahko naro\u010dite od 6.00 do 22.00 po telefonu (odprto vozilo: 031 666 331, 031 666 332; zaprto vozilo: 031 666 299). Vozila niso dostopna za uporabnice_ke invalidskega vozi\u010dka. Najbli\u017eje pla\u010dljivo parkiri\u0161\u010de s parkirnimi mesti za gibalno ovirane osebe (8) je NUK II. v bli\u017eini Emonske ceste (500 m), najbli\u017eje parkirno mesto (1) za gibalno ovirane za kratkoro\u010dno parkiranje je na Levstikovem trgu (100 m). Za ve\u010d informacij se obrnite na podjetje JP LPT (01 300 12 00). Zemljevid dostopnosti lokacij v centru Ljubljane in druge koristne informacije pa so na voljo tudi na\u00a0<a href=\"https:\/\/www.zveza-paraplegikov.si\/sl\/o-zvezi\/uporabne-povezave\">spletni strani Zveze paraplegikov Slovenije<\/a>.<\/p>\n<p>Informacije sta pripravili Lara Plav\u010dak in Ur\u0161ka Aplinc v kontekstu razstave\u00a0<a href=\"https:\/\/www.galerijaskuc.si\/si\/exhibition\/sick\/\"><em>Bolano<\/em><\/a>.<\/p>\n<hr \/>\n<p><b>Zgodovina<\/b><\/p>\n<p>Galerija \u0160kuc deluje v svojih prostorih na Starem trgu 21 od leta 1978 kot del Kulturnega centra \u0160KUC, \u017ee ve\u010d kot trideset let enega od stebrov nevladne kulture v Sloveniji. V teh \u0161tirih desetletjih delovanja je Galerija \u0160kuc postala pomemben mednarodni umetnostni center za razstave, razli\u010dne umetni\u0161ke dogodke, zalo\u017eni\u0161tvo in dokumentiranje.<\/p>\n<p>Ob koncu sedemdesetih let je ustanovitev Galerije \u0160kuc pomenila protiute\u017e dominantni razstavljavski politiki uveljavljenih nacionalnih galerij in institucij v Sloveniji. Njena prva umetni\u0161ka direktorica je bila umetnostna zgodovinarka in kustosinja <strong>Taja Vidmar Brejc<\/strong>, odprla pa jo je retrospektivna predstavitev konceptualno-umetni\u0161ke skupine OHO.<\/p>\n<p>V osemdesetih je Galerija \u0160kuc pod vodstvom novih umetni\u0161kih direktorjev (<strong>Du\u0161an Mandi\u0107<\/strong>, <strong>Marina Gr\u017eini\u0107<\/strong>, <strong>Barbara Bor\u010di\u0107<\/strong>) postala center (sub)kulture v Sloveniji in tako celo zaostrila svoje razmerje do vladne institucionalne kulture. Za to obdobje so bili zna\u010dilni multimedijski projekti, predstavitve gibanj konceptualne umetnosti v Zagrebu in Beogradu (Ra\u0161a Todosijevi\u0107, Mladen Stilinovi\u0107, Goran Djordjevi\u0107, na primer) in prvi projekti zdaj uveljavljenih slovenskih umetnikov, kot so IRWIN,V.S.S.D., Bojan Gorenec in Marjetica Potr\u010d.<\/p>\n<p>Ob koncu zadnjega desetletja sta se <strong>Tomislav Vignjevi\u0107<\/strong> in <strong>Alenka Pirman<\/strong> kot umetni\u0161ka direktorja soo\u010dila z zgodovino Galeriji \u0160kuc in z njenim nespornim slovesom elitisti\u010dnega alternativnega prostora. Oblikovanje letnih programov se je odprlo za razli\u010dne umetni\u0161ke pozicije in je temeljilo na naslednjih podro\u010djih: prve samostojne razstave mladih slovenskih umetnikov; samostojne razstave (ali projekti izven galerije) uveljavljenih slovenskih umetnikov; samostojne razstave (ali projekti izven galerije) tujih umetnikov; tematske in skupinske razstave gostujo\u010dih kustosov in dru\u017ebeno-kulturne dokumentarne razstave. Od leta 1996 do 2003 je bil umetni\u0161ki direktor <strong>Gregor Podnar<\/strong>, junija 2003 je bila na ta polo\u017eaj imenovana <strong>Alenka Gregori\u010d<\/strong>. Oktobra 2009 je vlogo umetni\u0161kega direktorja, odgovornega za program, prevzel <strong>Tev\u017e Logar<\/strong>, ki je deloma nadaljeval z uveljavljenimi programskimi smernicami, vpeljal pa je tudi nekaj novosti. Januarja 2014 je vodenje galerije prevzel <strong>Vladimir Vidmar, <\/strong>januarja 2020 pa ga je nasledila<strong> Tia \u010ci\u010dek<\/strong>. Od januarja 2026 je umetni\u0161ki vodja Galerije \u0160kuc <strong>Ilija Prokopiev<\/strong>.<\/p>\n<p>V zadnjih nekaj desetletjih je Galerija \u0160kuc postala eden od najbolj obiskanih razstavnih prostorov v Sloveniji, ki ga v povpre\u010dju obi\u0161\u010de pribli\u017eno tiso\u010d ljudi na posamezno razstavo. Osredoto\u010denost na regionalno in lokalno dogajanje predstavlja pomemben segment galerijskega programa, hkrati pa je \u010dedalje pomembnej\u0161i del vsakodnevne rutine postala tudi vpletenost v mednarodno kulturno industrijo. Odlo\u010dili smo se vzpostaviti tesnej\u0161e sodelovanje z institucijami in posamezniki, ki delujejo v na\u0161i regiji, kar vklju\u010duje umetnostne centre v Avstriji, na Hrva\u0161kem, Mad\u017earskem in v Italiji, kar daje na\u0161emu kuratorskemu delu \u0161ir\u0161i teoretski okvir. Galerija \u0160kuc se je razvila v center umetni\u0161ke produkcije, z letom 2000 pa je za\u010dela svoje ustvarjalce zastopati tudi na mednarodnih umetnostnih sejmih.<\/p>\n<p>V zadnjih nekaj letih so se v galeriji predstavili naslednji mednarodno delujo\u010di umetniki: Bas Jan Ader, Ingold Airlines, Rasheed Araeen, Jo\u017ee Bar\u0161i, Raimond Chaves, Attila Cs\u00f6rg\u0151, Tacita Dean, Leif Elggren, Olafur Eliasson, Vadim Fishkin, Carl Michael von Hausswolff, IRWIN, \u017diga Kari\u017e, Antal Lakner, Juri Leiderman, Maja Licul, M+M, Olaf Nicolai, Cesare Pietroiusti, Tadej Poga\u010dar, Marko Peljhan, Goran Petercol, Marjetica Potr\u010d, Soci\u00e9t\u00e9 R\u00e9aliste, Mladen Stilinovi\u0107, Neboj\u0161a \u0160eri\u010d-\u0160oba, Nika \u0160pan, Apolonija \u0160u\u0161ter\u0161i\u010d, Ulay, Elulalia Valldosera, Sislej Xhafa,\u00a0Becky Beasly, Harun Farocki in drugi.<\/p>\n<hr \/>\n<p><b>Osebje<\/b><\/p>\n<p>Jo\u0161ko Pajer<br \/>\n<em>Vodja redakcije<\/em><\/p>\n<p>Ilija Prokopiev<br \/>\n<i>Umetni\u0161ki vodja<\/i><\/p>\n<p>Atila Bo\u0161tjan\u010di\u010d<br \/>\n<i>Vodja tehni\u010dne slu\u017ebe<\/i><\/p>\n<p>Ana Marija Kanc<br \/>\n<i>Vodja informatorjev, asistentka tehnike<\/i><\/p>\n<p>Nevena Aleksovski<br \/>\n<i>Vodja pedago\u0161kih programov, informatorka<\/i><\/p>\n<p>Matja\u017e Kon\u010dina<br \/>\n<i>Informator<\/i><\/p>\n<p>Lea Jelenko<br \/>\n<i>Oblikovanje<\/i><\/p>\n<hr \/>\n<p>Program Galerije \u0160kuc podpirata Ministrstvo za kulturo in Mestna ob\u010dina Ljubljana.<\/p>\n<p><img loading=\"lazy\" decoding=\"async\" class=\"alignnone  wp-image-5441\" src=\"http:\/\/www.galerijaskuc.si\/wp-content\/uploads\/2026\/01\/picture2.jpg\" alt=\"\" width=\"277\" height=\"36\" \/>\u00a0 \u00a0 <img loading=\"lazy\" decoding=\"async\" class=\"alignnone wp-image-5440\" src=\"http:\/\/www.galerijaskuc.si\/wp-content\/uploads\/2026\/01\/mol-sofinancira-slo-bw-1024x468.png\" alt=\"\" width=\"127\" height=\"59\" srcset=\"https:\/\/www.galerijaskuc.si\/wp-content\/uploads\/2026\/01\/mol-sofinancira-slo-bw-1024x468.png 1024w, https:\/\/www.galerijaskuc.si\/wp-content\/uploads\/2026\/01\/mol-sofinancira-slo-bw-300x137.png 300w, https:\/\/www.galerijaskuc.si\/wp-content\/uploads\/2026\/01\/mol-sofinancira-slo-bw-768x351.png 768w, https:\/\/www.galerijaskuc.si\/wp-content\/uploads\/2026\/01\/mol-sofinancira-slo-bw-1536x702.png 1536w, https:\/\/www.galerijaskuc.si\/wp-content\/uploads\/2026\/01\/mol-sofinancira-slo-bw-656x300.png 656w, https:\/\/www.galerijaskuc.si\/wp-content\/uploads\/2026\/01\/mol-sofinancira-slo-bw-250x114.png 250w, https:\/\/www.galerijaskuc.si\/wp-content\/uploads\/2026\/01\/mol-sofinancira-slo-bw-400x183.png 400w, https:\/\/www.galerijaskuc.si\/wp-content\/uploads\/2026\/01\/mol-sofinancira-slo-bw-1200x549.png 1200w, https:\/\/www.galerijaskuc.si\/wp-content\/uploads\/2026\/01\/mol-sofinancira-slo-bw-1000x457.png 1000w, https:\/\/www.galerijaskuc.si\/wp-content\/uploads\/2026\/01\/mol-sofinancira-slo-bw.png 1640w\" sizes=\"auto, (max-width: 127px) 100vw, 127px\" \/><\/p>","protected":false},"excerpt":{"rendered":"<p>Galerija \u0160kuc Stari trg 21 1000 Ljubljana, SI galerija@skuc.org T:+386 1 251 6540 Odpiralni \u010das: torek\u2013nedelja 12.00\u201319.00 Informacije o dostopnosti Obisk Obisk razstave in vsi spremljevalni dogodki so brezpla\u010dni. Galerija \u0160kuc je opremljena s klan\u010dino za gibalno ovirane osebe na vhodu (\u0161irina 150 cm) in v prostoru (\u0161irina 106 cm). Notranje dvori\u0161\u010de in toaletni prostori [&hellip;]<\/p>\n","protected":false},"author":1,"featured_media":0,"parent":0,"menu_order":17,"comment_status":"closed","ping_status":"closed","template":"","meta":{"_acf_changed":false,"footnotes":""},"class_list":["post-17","page","type-page","status-publish","hentry"],"acf":[],"_links":{"self":[{"href":"https:\/\/www.galerijaskuc.si\/si\/wp-json\/wp\/v2\/pages\/17","targetHints":{"allow":["GET"]}}],"collection":[{"href":"https:\/\/www.galerijaskuc.si\/si\/wp-json\/wp\/v2\/pages"}],"about":[{"href":"https:\/\/www.galerijaskuc.si\/si\/wp-json\/wp\/v2\/types\/page"}],"author":[{"embeddable":true,"href":"https:\/\/www.galerijaskuc.si\/si\/wp-json\/wp\/v2\/users\/1"}],"replies":[{"embeddable":true,"href":"https:\/\/www.galerijaskuc.si\/si\/wp-json\/wp\/v2\/comments?post=17"}],"version-history":[{"count":138,"href":"https:\/\/www.galerijaskuc.si\/si\/wp-json\/wp\/v2\/pages\/17\/revisions"}],"predecessor-version":[{"id":5448,"href":"https:\/\/www.galerijaskuc.si\/si\/wp-json\/wp\/v2\/pages\/17\/revisions\/5448"}],"wp:attachment":[{"href":"https:\/\/www.galerijaskuc.si\/si\/wp-json\/wp\/v2\/media?parent=17"}],"curies":[{"name":"wp","href":"https:\/\/api.w.org\/{rel}","templated":true}]}}