{"id":2865,"date":"2022-02-13T11:00:19","date_gmt":"2022-02-13T11:00:19","guid":{"rendered":"https:\/\/www.galerijaskuc.si\/cookie-policy\/"},"modified":"2022-02-13T11:29:57","modified_gmt":"2022-02-13T11:29:57","slug":"cookie-policy","status":"publish","type":"page","link":"https:\/\/www.galerijaskuc.si\/si\/cookie-policy\/","title":{"rendered":"Politika pi\u0161kotkov"},"content":{"rendered":"<p>Za zagotavljanje bolj\u0161e uporabni\u0161ke izku\u0161nje na\u0161a spletna stran uporablja pi\u0161kotke. To so majhne datoteke, ki jih ob obisku nalo\u017eimo na va\u0161 ra\u010dunalnik oziroma mobilno napravo. Tako lahko prepoznamo, ko se vrnete na spletno stran ter omogo\u010dimo njeno bolj\u0161e delovanje in uporabo. Uporabljamo pi\u0161kotke zunanjega ponudnika Google Analytics.<\/p>\n<p>Pi\u0161kotki ne vsebujejo osebnih podatkov oziroma informacij, ki bi vas lahko identificirale.<\/p>","protected":false},"excerpt":{"rendered":"<p>Za zagotavljanje bolj\u0161e uporabni\u0161ke izku\u0161nje na\u0161a spletna stran uporablja pi\u0161kotke. To so majhne datoteke, ki jih ob obisku nalo\u017eimo na va\u0161 ra\u010dunalnik oziroma mobilno napravo. Tako lahko prepoznamo, ko se vrnete na spletno stran ter omogo\u010dimo njeno bolj\u0161e delovanje in uporabo. Uporabljamo pi\u0161kotke zunanjega ponudnika Google Analytics. Pi\u0161kotki ne vsebujejo osebnih podatkov oziroma informacij, ki [&hellip;]<\/p>\n","protected":false},"author":1,"featured_media":0,"parent":0,"menu_order":1,"comment_status":"closed","ping_status":"closed","template":"","meta":{"_acf_changed":false,"footnotes":""},"class_list":["post-2865","page","type-page","status-publish","hentry"],"acf":[],"_links":{"self":[{"href":"https:\/\/www.galerijaskuc.si\/si\/wp-json\/wp\/v2\/pages\/2865","targetHints":{"allow":["GET"]}}],"collection":[{"href":"https:\/\/www.galerijaskuc.si\/si\/wp-json\/wp\/v2\/pages"}],"about":[{"href":"https:\/\/www.galerijaskuc.si\/si\/wp-json\/wp\/v2\/types\/page"}],"author":[{"embeddable":true,"href":"https:\/\/www.galerijaskuc.si\/si\/wp-json\/wp\/v2\/users\/1"}],"replies":[{"embeddable":true,"href":"https:\/\/www.galerijaskuc.si\/si\/wp-json\/wp\/v2\/comments?post=2865"}],"version-history":[{"count":3,"href":"https:\/\/www.galerijaskuc.si\/si\/wp-json\/wp\/v2\/pages\/2865\/revisions"}],"predecessor-version":[{"id":2873,"href":"https:\/\/www.galerijaskuc.si\/si\/wp-json\/wp\/v2\/pages\/2865\/revisions\/2873"}],"wp:attachment":[{"href":"https:\/\/www.galerijaskuc.si\/si\/wp-json\/wp\/v2\/media?parent=2865"}],"curies":[{"name":"wp","href":"https:\/\/api.w.org\/{rel}","templated":true}]}}