{"id":3810,"date":"2023-05-04T11:46:01","date_gmt":"2023-05-04T11:46:01","guid":{"rendered":"https:\/\/www.galerijaskuc.si\/?page_id=3810"},"modified":"2025-12-10T17:43:36","modified_gmt":"2025-12-10T17:43:36","slug":"press","status":"publish","type":"page","link":"https:\/\/www.galerijaskuc.si\/si\/press\/","title":{"rendered":"Press"},"content":{"rendered":"<p><\/p>\n<div class=\"labels-wrap\">\n<div>\n<div class=\"labels-wrap\">\n<div>\n<p><a href=\"https:\/\/drive.google.com\/drive\/folders\/1oIir2pPIhZPCYAyQpQE2ClUtQR-Rcxwu?usp=sharing\"><b><i>Covers<\/i><\/b><\/a><br \/>\n12. 12. 2025\u201315. 1. 2026<br \/>\nUmetnici_: <b>Lundstr\u00f8m &amp; Bro<br \/>\n<\/b>Kuratorka_: <b>Tia \u010ci\u010dek<\/b><\/p>\n<p>___________<\/p>\n<p><a href=\"https:\/\/drive.google.com\/open?id=1evZg2xrMkhh92rASs5y3u_XXyvRzB0G1&amp;usp=drive_fs\"><b><i>O\u017eivljene strukture, skriti tokovi<\/i><\/b><\/a><b><i><\/i><\/b><\/p>\n<p>7. 11.\u20134. 12. 2025<\/p>\n<p>Umetnice_: <b>H M Baker, Hamza Badran, DNLM, Odur Ronald, Robida, Sanela Jahi\u0107<br \/>\n<\/b>Kuratorka: <b>Giulia Menegale<\/b><\/p>\n<p>Fotografije z odprtja: <a href=\"https:\/\/drive.google.com\/drive\/folders\/16gAq9D8w9u6_NjBDxRK_wK3RsHxpoaZ_?usp=sharing\">Foto Simao Bessa \u00a9 Galerija \u0160kuc<\/a><br \/>\nFotografije postavitve: <a href=\"https:\/\/drive.google.com\/open?id=1FxpwpCRF-qnKrIh1Equ3Wv4Urs2yHRMB&amp;usp=drive_fs\">Foto Matic Pandel \u00a9 Galerija \u0160kuc<\/a><\/p>\n<p>___________<\/p>\n<p><b><a href=\"https:\/\/drive.google.com\/drive\/folders\/1Adfxw_MKlMJQsUKbmBNuWY1oyV6V_hbY?usp=sharing\">Arhivi v ospredju: Trideset+ let Mesta \u017eensk<\/a><br \/>\n<\/b><b>31. Mednarodni festival sodobnih umetnosti \u2013 Mesto \u017eensk<\/b><\/p>\n<p><b>3. 10.\u201330. 10. 2025<\/b><\/p>\n<p>Umetnice_: <b>Coco Fusco, Larissa Sansour in S\u00f8ren Lind, Marija Mojca Punger\u010dar, Sanja Ivekovi\u0107, Stefanie Seibold<br \/>\n<\/b><b><\/b>Kuratorka in zasnovalka predstavitve arhiva Mesta \u017eensk: <b>Iva Kova\u010d<br \/>\n<\/b>Pomo\u010d pri raziskovanju arhiva Mesta \u017eensk: <b>Aneta Hradilov\u00e1<br \/>\n<\/b>Oblikovanje in vizualizacija arhiva Mesta \u017eensk: <b>Elvis Krstulovi\u0107<\/b><\/p>\n<p>___________<\/p>\n<p><a href=\"https:\/\/drive.google.com\/drive\/folders\/1Uh3-ljGgtCcKMiehGuSysAghlWuL5ywK?usp=sharing\"><b><i>\u010castni krog<\/i><\/b><\/a><b><i><br \/>\n<\/i><\/b>8. 8.\u201319. 9. 2025<\/p>\n<p>Umetnica: <b>Lene Lek\u0161e<br \/>\n<\/b>Kuratorka_: <b>Tia \u010ci\u010dek<\/b><\/p>\n<p>Fotografije z odprtja: <a href=\"https:\/\/drive.google.com\/open?id=1DxwLkoUcUDTrSpO_uaok5DJcOnGMZlix&amp;usp=drive_fs\">Foto Simao Bessa \u00a9 \u0160kuc Gallery<\/a><\/p>\n<p>___________<\/p>\n<p><a href=\"https:\/\/drive.google.com\/open?id=11quxBd5byJjp4fHXwHlddGuAIM5Tfn_b&amp;usp=drive_fs\"><em><strong>A Bright Past Is Ahead of Us<\/strong><\/em><\/a><br \/>\n21. 6.\u201322. 7. 2025<\/p>\n<p>Umetnice_: <strong>Enar de Dios Rodr\u00edguez, Gjorgji Despodov, Jaione Cerrato, Klelija \u017divkovi\u0107, Lara Reichmann<br \/>\n<\/strong>Kurator in kuratorka: <strong>Ilija Prokopiev, Marija Hristova (PrivatePrint Studio)<\/strong><\/p>\n<p>___________<\/p>\n<p><a href=\"https:\/\/drive.google.com\/drive\/folders\/1s5EWr7sSpzYIvnowwwZvRn6qJN-39baY?usp=sharing\">\u22c6\uff61\u00b0\u2729 <strong>Neuroqueering<\/strong> \u22c6\u2b52\u02da\uff61\u22c6<\/a><br \/>\n16.5. &#8211; 11.6. 2025<\/p>\n<p>Curator: <strong>Ema Ben\u010d\u00edkov\u00e1<\/strong><br \/>\nCollaborators: <strong>Katarina Babi\u010d Derenda, Nuka Horvat, Lan Aidan Remec, Nai \u0160tagar, Dru\u0161tvo DIH \u2013 Enakopravni pod mavrico, Zavod TransAkcija<\/strong><\/p>\n<p>___________<\/p>\n<p><em><a href=\"https:\/\/drive.google.com\/drive\/folders\/1BVBoePRozKikGtfBVze57_bF-fAwZSAs?usp=sharing\"><strong>Combing Through<\/strong><\/a><br \/>\n<\/em>11. 4. \u2013 6. 5. 2025<\/p>\n<p>Artist:\u00a0<strong>Lea Culetto<br \/>\n<\/strong>Curators:\u00a0<strong>Ur\u0161ka Aplinc, Lara Plav\u010dak<\/strong><\/p>\n<p>Photos from the opening of the exhibition: <a href=\"https:\/\/drive.google.com\/open?id=1Zig9KKFWXd_CEtvrXV457l1gXVGv19-K&amp;usp=drive_fs\">Photo Sara Rman \u00a9 \u0160kuc Gallery<\/a><br \/>\nExhibition view: <a href=\"https:\/\/drive.google.com\/drive\/folders\/1kYAPuQJYHUs7Tgw5hnM9tYQeQr8lxW-b?usp=sharing\">Photo Matic Pandel \u00a9 \u0160kuc Gallery <\/a><\/p>\n<p>___________<\/p>\n<p><strong><em><a href=\"https:\/\/drive.google.com\/open?id=11bjG7yRQUyjTEhMl6oG1W0zw7UmzTy2M&amp;usp=drive_fs\">Fiery Lessons: Dams, Volcanoes and the Witching Hour<\/a><br \/>\n<\/em><\/strong>8. 3. \u2013 3. 4. 2025<\/p>\n<p><strong>Dams, Volcanoes and the Coven<\/strong>:<strong><br \/>\nEmina Djuki\u0107 <\/strong>(project conceptualisation); <strong>Tia \u010ci\u010dek <\/strong>(curation); <strong>Asiana Jurca Avc\u0131, Sara Rman, Ur\u0161ka Savi\u010d <\/strong>(exhibition implementation support); <strong>Ana Dolinar, Nata\u0161a Burger, Suzana Grau, Darja Hrastnik, Irena Toma\u017ein Zagori\u010dnik <\/strong>(workshop implementation)<\/p>\n<p>Photos from the Witching Hour: <a href=\"https:\/\/drive.google.com\/open?id=17E7IwreZewISFkOSlWhKBWj1dqK-5n05&amp;usp=drive_fs\">Photo Sara Rman \u00a9 \u0160kuc Gallery<\/a><\/p>\n<p>___________<\/p>\n<p><strong><em><a href=\"https:\/\/drive.google.com\/drive\/folders\/1f3wSyox82qrQsq5kg3JBoxdn7nRKTfCO?usp=sharing\">Research Exhibition 2.1. Studio<\/a><br \/>\n<\/em><\/strong>31. 1.\u201327. 2. 2025<\/p>\n<p>Artists: <strong>Luana Loji\u0107, Ne\u017ea Knez, Nika Pe\u0107arina, nominis, Tin Do\u017ei\u0107, Vida Guzmi\u0107<br \/>\n<\/strong><\/p>\n<p>Photos from the events: <a href=\"https:\/\/drive.google.com\/open?id=1lyXtFpJqpunAeUAQt1VbFBPsdXr9HCiw&amp;usp=drive_fs\">Photo Sara Rman \u00a9 \u0160kuc Gallery<\/a><\/p>\n<p>___________<\/p>\n<p><a href=\"https:\/\/drive.google.com\/open?id=1UpH4iNuE45WQ_n8u3lkyWMvW3cI_jOFo&amp;usp=drive_fs\"><strong><em>No Burning, No Wounds <\/em><\/strong><\/a><em><br \/>\n<\/em>13. 12. 2024\u201323. 1. 2025<\/p>\n<p>Artist: <strong>Doruntina Kastrati<\/strong><br \/>\nCurator:<strong> Tia \u010ci\u010dek<\/strong><\/p>\n<p>Photos from the opening: <a href=\"https:\/\/drive.google.com\/open?id=1ZdXSsPi863UVe5xt4NSMQTw9O2O1jlYD&amp;usp=drive_fs\">Photo Simao Bessa \u00a9 \u0160kuc Gallery<\/a><br \/>\nExhibition view: <a href=\"https:\/\/drive.google.com\/open?id=1s_qGvKdLtN12zhEfTkJAQROYwZLuumDq&amp;usp=drive_fs\">Photo Matic Pandel \u00a9 \u0160kuc Gallery<\/a><\/p>\n<\/div>\n<div>___________<\/div>\n<div><\/div>\n<div><a href=\"https:\/\/drive.google.com\/open?id=1NidH9RfTep2IUPrqVBju0NXx6f_4DJZF&amp;usp=drive_fs\"><em><strong>Institute for Mould Preservation. First examples of entanglement<\/strong><\/em><\/a><br \/>\n8. 11.\u20135. 12. 2024<\/div>\n<div>Artist: Maja Bojani\u0107<br \/>\nCurator: Tia \u010ci\u010dek<\/div>\n<div><\/div>\n<\/div>\n<\/div>\n<div>Photos from the opening: <a href=\"https:\/\/drive.google.com\/open?id=1trc62Ecl4bMEyKrY-2w7gohKn_2_EnkI&amp;usp=drive_fs\">Photo Simao Bessa \u00a9 \u0160kuc Gallery<\/a><br \/>\nExhibition view: <a href=\"https:\/\/drive.google.com\/open?id=12ei_Vl5tk-LKo924TpGkKtbPDcJAAVFH&amp;usp=drive_fs\">Photo Matic Pandel \u00a9 \u0160kuc Gallery<\/a><\/div>\n<div>\n<div class=\"labels-wrap\">\n<div>___________<\/div>\n<div><\/div>\n<div class=\"exhibition-heading single-post\"><a href=\"https:\/\/drive.google.com\/open?id=1MPFnqrGOV4yCeGli6zaxYdBZoUKSKm54&amp;usp=drive_fs\"><strong><em>We Dream Together | 30th International Festival of Contemporary Arts \u2013 City of Women<\/em><\/strong><\/a><\/div>\n<div class=\"exhibition-date\">4. 10.\u201331. 10. 2024<\/div>\n<\/div>\n<p>Artist:\u00a0<strong>Katarina Jazbec<\/strong><br \/>\nCurator:\u00a0<strong>Iva Kova\u010d<\/strong><\/p>\n<p>Photos from the opening of the exhibition: <a href=\"https:\/\/drive.google.com\/open?id=16NI1TWOYhRzDfsl2Ds8X8H8GGPxnk2cb&amp;usp=drive_fs\">Photo Sara Rman \u00a9 \u0160kuc Gallery<\/a><br \/>\nExhibition view: <a href=\"https:\/\/drive.google.com\/drive\/folders\/1idydSLMogUhLAkhCUwUEWV2czfAdpYAj?usp=drive_link\">Photo Matic Pandel \u00a9 \u0160kuc Gallery<\/a><\/p>\n<p>___________<\/p>\n<p><a href=\"https:\/\/drive.google.com\/drive\/folders\/13hHHin1bOCdkZa3lJTYFRpvKcL00bby-?usp=sharing\"><em><strong>Trans(myth)<\/strong><\/em><\/a><br \/>\n21. 8.\u201326. 9. 2024<\/p>\n<p>Artist: <strong>Cat Jugravu<br \/>\n<\/strong>Curator: <strong>Tia \u010ci\u010dek<br \/>\n<\/strong>Artist assistant: <strong>Pieter Defraene<\/strong><strong><br \/>\n<\/strong>Curatorial assistant: <strong>Elena Chirila<br \/>\n<\/strong>Participants:<strong> Katarina Babi\u0107 Derenda, <\/strong><strong>Nal Kocjan, Patrik Komljenovi\u0107, Spike_Pika Terpin<\/strong><\/p>\n<p>Photos from the opening: <a href=\"https:\/\/drive.google.com\/open?id=1Aq3Va_-0xtM-mDON11A2JxWFj4Ys3MY3&amp;usp=drive_fs\">Photo Simao Bessa \u00a9 \u0160kuc Gallery<\/a><br \/>\nExhibition view: <a href=\"https:\/\/drive.google.com\/open?id=1HTQDsyVXTZhuIvtBjphBwYQVgtCRMUQJ&amp;usp=drive_fs\">Photo Matic Pandel \u00a9 \u0160kuc Gallery<\/a><\/p>\n<div>\n<p>___________<\/p>\n<\/div>\n<p><a href=\"https:\/\/drive.google.com\/open?id=12MpzNS9VT_YB_MvWe2JT881Gtq_oChJb&amp;usp=drive_fs\"><strong><em>AUSSTELLUNG! LAIBACH KUNST 1980\u20131984<\/em><\/strong><\/a><br \/>\n21. 6.\u201317. 7. 2024<\/p>\n<p>Curator: <strong>Barbara Bor\u010di\u0107 v sodelovanju s skupino Laibach<\/strong><\/p>\n<p>Photos from the opening: <a href=\"https:\/\/drive.google.com\/drive\/folders\/1RIjsChcMxKEg4X47eC7Rg7PxLmxpxd60?usp=sharing\">Photo Simao Bessa \u00a9 \u0160kuc Gallery<\/a><br \/>\nExhibition view: <a href=\"https:\/\/drive.google.com\/drive\/folders\/10C7GFB3okL05fQhIJAq0RHNHCjBDoeGT?usp=drive_link\">Photo Matic Pandel \u00a9 \u0160kuc Gallery<\/a><\/p>\n<p>___________<\/p>\n<\/div>\n<div class=\"exhibition-heading single-post\"><a href=\"https:\/\/drive.google.com\/open?id=1rKoBkPu4ChaCOZePt5m7SHYNJZhFMp5m&amp;usp=drive_fs\"><strong><em>Restoring from a Void. Excavation Sites and Magic Cities<\/em><\/strong><\/a><\/div>\n<div class=\"exhibition-heading single-post\">The final exhibition of the 19th generation of the World of Art School for Curatorial Practices and Critical Writing 2022\/24<\/div>\n<div><\/div>\n<div class=\"exhibition-heading single-post\">10. 5.\u00a0\u2013 6. 6. 2024<\/div>\n<div><\/div>\n<div class=\"date-status visible upcoming\">Artist: <strong>Beatrice Moumdjian<br \/>\n<\/strong>Curators:\u00a0<strong>Bla\u017eka Kirm, Lara Zupan, Lin Gerkman, Ne\u017ea Vengust, Svitlana Ryabishchuk, Vida \u0160turm<\/strong><\/div>\n<\/div>\n<p>Mentors:\u00a0<strong>Alenka Gregori\u010d, Vadim Fi\u0161kin<\/strong><br \/>\nSchool Heads:<strong>\u00a0Lara Plav\u010dak, Tia \u010ci\u010dek, Ur\u0161ka Aplinc<\/strong><\/p>\n<p>Photos from the opening: <a href=\"https:\/\/drive.google.com\/drive\/folders\/1FkW6U0QG64edwAoQRI4Zd8PXHagkOc-D\">Photo Simao Bessa \u00a9 \u0160kuc Gallery<\/a><br \/>\nExhibition view: <a href=\"https:\/\/drive.google.com\/drive\/folders\/1SSw2ZCSzOzxl1y-h7M2R6Q5s-IrP9tJT\">Photo Matic Pandel \u00a9 \u0160kuc Gallery<\/a><\/p>\n<p>___________<\/p>\n<p><strong><em><a href=\"https:\/\/drive.google.com\/drive\/folders\/1hWal46-sLssLfIt7KWCpulxDnl1nG9pb?usp=sharing\">Presence of Communities<\/a><br \/>\n<\/em><\/strong>29. 3.\u201325. 4. 2024<\/p>\n<p>Curators: <strong>Tia \u010ci\u010dek, Jernej \u0160kof <\/strong><br \/>\nSpatial design: <strong>Jan Brov\u010d, Kovr\u0111ava<br \/>\n<\/strong>Young researchers: <strong>Nuka Horvat, Tamara Mihali\u010d, Danko Ostoji\u0107, Monika Zupin<\/strong><\/p>\n<p>Photos from the opening: <a href=\"https:\/\/drive.google.com\/drive\/folders\/1mBgbMWOxkSOemd_9FtSFZkCrPH2mneYv?usp=drive_link\">Photo Sara Rman \u00a9 \u0160kuc Gallery<\/a><br \/>\nExhibition view from start of the exhibition: <a href=\"https:\/\/drive.google.com\/open?id=1pF3Dpb16BwOBcBhs5h3BHGnPQILcFBj9&amp;usp=drive_fs\">Photo Matic Pandel \u00a9 \u0160kuc Gallery<\/a><\/p>\n<p>___________<\/p>\n<p><a href=\"https:\/\/drive.google.com\/drive\/folders\/1RMixtwBr-agGm-Uyg60eBgim2NWXq5ZC?usp=sharing\"><b><i>02_2024<\/i><\/b><\/a><b><i><br \/>\n<\/i><\/b><span style=\"font-weight: 400;\">23. 2.\u201317. 3. 2024<\/span><\/p>\n<p><span style=\"font-weight: 400;\">Curators: <\/span><b>Giulia Menegale, <strong>T\u012bna <\/strong>P\u0113tersone<\/b><\/p>\n<p>Photos from the Tea Party: <a href=\"https:\/\/drive.google.com\/open?id=1e6HyFqGlv1HngHwopbCBffpvZjYLndtC&amp;usp=drive_fs\">Photo Simao Bessa \u00a9 \u0160kuc Gallery<\/a><br \/>\nExhibition view phase one of the: <a href=\"https:\/\/drive.google.com\/open?id=1f9_t-3dbax_BCT7fRfE1fsC_Yd2peO8I&amp;usp=drive_fs\">Photo Matic Pandel \u00a9 \u0160kuc Gallery<\/a><\/p>\n<p>___________<\/p>\n<p><a href=\"https:\/\/drive.google.com\/drive\/folders\/1F1rSi5XrhXtYJsnktrwiKvXpE1zS1k9P\"><em><strong>False Magic 3<\/strong><\/em><\/a><br \/>\n\u0160kuc Gallery<br \/>\n19. 1.\u201315. 2. 2024<\/p>\n<p>Artist: <strong>Jaka Vatovec<br \/>\n<\/strong>Curators: <strong>Tia \u010ci\u010dek, Lara Plav\u010dak<\/strong><\/p>\n<p><a href=\"https:\/\/galerijalkatraz.org\/?p=19920\"><em><strong>False Magic 9<\/strong><\/em><\/a><br \/>\nAlkatraz Gallery<br \/>\n19. 1.\u20137. 2. 2024<\/p>\n<p>Artist: <strong>Jaka Vatovec<\/strong><br \/>\nCurators: <strong>Vesna Bukovec, Anabel \u010cernohorski, Ana Grobler, Sebastian Krawczyk<\/strong><\/p>\n<p>Editor: <strong>Olga Michalik<\/strong><\/p>\n<p>Photos from the opening: <a href=\"https:\/\/drive.google.com\/open?id=1ZG0ANDUcQKxaDf2iqu-aI0aMp1wOzSlH&amp;usp=drive_fs\">Photo Simao Bessa \u00a9 \u0160kuc Gallery<\/a><br \/>\nExhibition view: <a href=\"https:\/\/drive.google.com\/open?id=1aGXNpKl8ILkwIBwJC3H9cFkegxxehM7P&amp;usp=drive_fs\">Photo Matic Pandel \u00a9 \u0160kuc Gallery<\/a><\/p>\n<p>___________<\/p>\n<p><strong><em><a href=\"https:\/\/drive.google.com\/drive\/folders\/1PbFLsEZn_ySWvJgroNFFXjVKaDjJvsA1?usp=sharing\">Here, but somewhere else<\/a><br \/>\n<\/em><\/strong>15. 12.\u201311. 1. 2024<\/p>\n<p>Artists:<strong> Nevena Aleksovski, Elena \u010cemerska, Ana \u010cvorovi\u0107, Andrea Knezovi\u0107, Ivana Mir\u010devska, Ilija Prokopiev, Lenka \u0110orojevi\u0107<br \/>\n<\/strong>Curator: <strong>Jana Stardelova<\/strong><\/p>\n<p>Photos from the opening: <a href=\"https:\/\/drive.google.com\/open?id=1SFBZxcZqC8kIzRi9o3Eo40JlfMhnzwK1&amp;usp=drive_fs\">Photo Simao Bessa \u00a9 \u0160kuc Gallery<\/a><br \/>\nExhibition view: <a href=\"https:\/\/drive.google.com\/open?id=1W8KsAEIrzD6LuVOqVFcpIz2wAtn3rCYk&amp;usp=drive_fs\">Photo Matic Pandel \u00a9 \u0160kuc Gallery<\/a><\/p>\n<p>___________<\/p>\n<p><a href=\"https:\/\/drive.google.com\/drive\/folders\/1KZprvV5BbJyAwd-f4YNRAkBZsYBbJMJ2?usp=sharing\"><b><i>The Games We Play<\/i><\/b><b><i><br \/>\n<\/i><\/b><b><i>Accidents of Time, Flexibility of Logic and Queer Choreographies<\/i><\/b><\/a><b><i><br \/>\n<\/i><\/b><span style=\"font-weight: 400;\">10. 11.\u20137. 12. 2023<\/span><\/p>\n<p><span style=\"font-weight: 400;\">Artist: <\/span><b>Andrea Knezovi\u0107<\/b><b><br \/>\n<\/b><span style=\"font-weight: 400;\">Curator: <\/span><b>Tia \u010ci\u010dek<\/b><\/p>\n<p>Photos from the opening: <a href=\"https:\/\/drive.google.com\/open?id=1M35y5_dlxKLvM-Dkew6ylDGvGW-pY7tV&amp;usp=drive_fs\">Photo Simao Bessa \u00a9 \u0160kuc Gallery<\/a><br \/>\nExhibition view: <a href=\"https:\/\/drive.google.com\/open?id=1OFEZ-cY7D2QrXdIWj15sqEWk3VezX0Fi&amp;usp=drive_fs\">Photo Matic Pandel \u00a9 \u0160kuc Gallery<\/a><\/p>\n<p>___________<\/p>\n<p><a href=\"https:\/\/drive.google.com\/drive\/folders\/16MNrnaT8LDoQR9jlfh6T0V7hPQVCPv_X?usp=sharing\"><strong><em>SOFT Critique<\/em><\/strong><\/a><br \/>\n11. 8.\u201324. 9. 2023<\/p>\n<p>Concept:\u00a0<strong>Tia \u010ci\u010dek, Seda Y\u0131ld\u0131z<br \/>\n<\/strong>Site-specific installation:\u00a0<strong>Valentina Karga<br \/>\n<\/strong>Texts: <strong>Ewa Borysiewicz<\/strong>,\u00a0<strong>Pia Brezav\u0161\u010dek, Domen Ograjen\u0161ek<br \/>\n<\/strong>Publication design:\u00a0<strong>Ana Labudovi\u0107<\/strong><\/p>\n<p>Photos from the opening: <a href=\"https:\/\/drive.google.com\/drive\/folders\/18zNJdlWHD8VdFfIHYAbBIdCWtrD6HAU7?usp=sharing\">Photo Simao Bessa \u00a9 \u0160kuc Gallery<\/a><br \/>\nExhibition view: <a href=\"https:\/\/drive.google.com\/drive\/folders\/1D8jZEgoNQwO-h-8dJC-Z1uJMnB_LLWBS?usp=sharing\">Photo Matic Pandel \u00a9 \u0160kuc Gallery<\/a><\/p>\n<p>___________<\/p>\n<p><a href=\"https:\/\/drive.google.com\/open?id=1yAD7rLGZ_RnpThOVJ0LGJIAe0ldqiPzI&amp;usp=drive_fs\"><strong><em>Sick<\/em><\/strong><\/a><br \/>\n21. 6.\u201318. 7. 2023<\/p>\n<p>Artists: <strong>Johanna Hedva, Finnegan Shannon, Olivia Spring (SICK Magazine), RA Walden<\/strong><br \/>\nCurators:\u00a0<strong>Ur\u0161ka Aplinc, Lara Plav\u010dak<\/strong><\/p>\n<p>Photos from the opening: <a href=\"https:\/\/drive.google.com\/open?id=1-7K_azkPRdmFIGvdVn9judsQIwWUm5-V&amp;usp=drive_fs\">Photo Simao Bessa \u00a9 \u0160kuc Gallery<\/a><br \/>\nExhibition view: <a href=\"https:\/\/drive.google.com\/drive\/folders\/13PcWcsT8WA-qXhNlOV43AU8P3uU4fHfz?usp=sharing\">Photo Matic Pandel \u00a9 \u0160kuc Gallery<\/a><\/p>\n<p>___________<\/p>\n<p><a href=\"https:\/\/drive.google.com\/drive\/folders\/14Je9Wy7r_S86rU-xtCjsoxfEglE4ReUy?usp=sharing\"><strong><em>Heimat Camp<br \/>\n<\/em><\/strong><\/a>12. 5.\u201311. 6. 2023<\/p>\n<p>Artist: <strong>Ga\u0161per Kun\u0161i\u010d<br \/>\n<\/strong>Curator: <strong>Tia \u010ci\u010dek<\/strong><\/p>\n<p>Photos from the opening: <a href=\"https:\/\/drive.google.com\/open?id=1BJg--PtA6ri0gUzP5CX66RCMbirL8ZpM&amp;authuser=tia.cicek%40gmail.com&amp;usp=drive_fs\">Photo Simao Bessa \u00a9 \u0160kuc Gallery<\/a><br \/>\nPhotos from the artist&#8217;s book presentation: <a href=\"https:\/\/drive.google.com\/open?id=1Mb7bznXWH5YxIHqMlF8etDSIZOgdAJBM&amp;usp=drive_fs\">Photo Simao Bessa \u00a9 \u0160kuc Gallery<\/a><br \/>\nExhibition view: <a href=\"https:\/\/drive.google.com\/open?id=1Y6uDsIfC_uEelz-Cbjw7H0QPyEB6Jx2k&amp;usp=drive_fs\">Photo Klemen Ilovar \u00a9 \u0160kuc Gallery<\/a><\/p>\n<p>___________<\/p>","protected":false},"excerpt":{"rendered":"<p>Covers 12. 12. 2025\u201315. 1. 2026 Umetnici_: Lundstr\u00f8m &amp; Bro Kuratorka_: Tia \u010ci\u010dek ___________ O\u017eivljene strukture, skriti tokovi 7. 11.\u20134. 12. 2025 Umetnice_: H M Baker, Hamza Badran, DNLM, Odur Ronald, Robida, Sanela Jahi\u0107 Kuratorka: Giulia Menegale Fotografije z odprtja: Foto Simao Bessa \u00a9 Galerija \u0160kuc Fotografije postavitve: Foto Matic Pandel \u00a9 Galerija \u0160kuc ___________ [&hellip;]<\/p>\n","protected":false},"author":1,"featured_media":0,"parent":0,"menu_order":2,"comment_status":"closed","ping_status":"closed","template":"","meta":{"_acf_changed":false,"footnotes":""},"class_list":["post-3810","page","type-page","status-publish","hentry"],"acf":[],"_links":{"self":[{"href":"https:\/\/www.galerijaskuc.si\/si\/wp-json\/wp\/v2\/pages\/3810","targetHints":{"allow":["GET"]}}],"collection":[{"href":"https:\/\/www.galerijaskuc.si\/si\/wp-json\/wp\/v2\/pages"}],"about":[{"href":"https:\/\/www.galerijaskuc.si\/si\/wp-json\/wp\/v2\/types\/page"}],"author":[{"embeddable":true,"href":"https:\/\/www.galerijaskuc.si\/si\/wp-json\/wp\/v2\/users\/1"}],"replies":[{"embeddable":true,"href":"https:\/\/www.galerijaskuc.si\/si\/wp-json\/wp\/v2\/comments?post=3810"}],"version-history":[{"count":86,"href":"https:\/\/www.galerijaskuc.si\/si\/wp-json\/wp\/v2\/pages\/3810\/revisions"}],"predecessor-version":[{"id":5423,"href":"https:\/\/www.galerijaskuc.si\/si\/wp-json\/wp\/v2\/pages\/3810\/revisions\/5423"}],"wp:attachment":[{"href":"https:\/\/www.galerijaskuc.si\/si\/wp-json\/wp\/v2\/media?parent=3810"}],"curies":[{"name":"wp","href":"https:\/\/api.w.org\/{rel}","templated":true}]}}